{"id":8851,"date":"2022-08-25T14:53:55","date_gmt":"2022-08-25T14:53:55","guid":{"rendered":"https:\/\/laquavineyard.it\/privacy-policy\/"},"modified":"2026-03-06T13:33:49","modified_gmt":"2026-03-06T13:33:49","slug":"privacy-policy","status":"publish","type":"page","link":"https:\/\/laquavineyard.it\/en\/privacy-policy\/","title":{"rendered":"Privacy Policy"},"content":{"rendered":"\t\t<div data-elementor-type=\"wp-page\" data-elementor-id=\"8851\" class=\"elementor elementor-8851 elementor-3\" data-elementor-settings=\"{&quot;page_masthead_header_background_color&quot;:&quot;#ffffff&quot;,&quot;page_masthead_featured_background_color&quot;:&quot;#f8f8f8&quot;}\" data-elementor-post-type=\"page\">\n\t\t\t\t\t\t<section class=\"elementor-section elementor-top-section elementor-element elementor-element-260f6c66 elementor-section-boxed elementor-section-height-default elementor-section-height-default\" data-id=\"260f6c66\" data-element_type=\"section\">\n\t\t\t\t\t\t<div class=\"elementor-container elementor-column-gap-default\">\n\t\t\t\t\t<div class=\"elementor-column elementor-col-100 elementor-top-column elementor-element elementor-element-1ae8b741\" data-id=\"1ae8b741\" data-element_type=\"column\">\n\t\t\t<div class=\"elementor-widget-wrap elementor-element-populated\">\n\t\t\t\t\t\t<div class=\"elementor-element elementor-element-19bf448d elementor-widget elementor-widget-text-editor\" data-id=\"19bf448d\" data-element_type=\"widget\" data-widget_type=\"text-editor.default\">\n\t\t\t\t<div class=\"elementor-widget-container\">\n\t\t\t\t\t\t\t\t\t<p><span style=\"font-weight: 400;\">CA.PRI S.R.L., in qualit\u00e0 di titolare del trattamento dei dati personali ai sensi degli artt.13 e 14 del Regolamento UE 679\/2016 \u2013 Regolamento Generale sulla Protezione dei Dati (\u201cRGPD\u201d), in ottemperanza agli obblighi dettati dal legislatore a tutela della privacy, con la presente desidera informarLa in via preventiva, tanto dell\u2019uso dei suoi dati personali, quanto dei suoi diritti, comunicando quanto segue:<\/span><\/p><ol><li><span style=\"font-weight: 400;\">A) TITOLARE ED ALTRI SOGGETTI RESPONSABILI<\/span><span style=\"font-weight: 400;\"><br \/><\/span><span style=\"font-weight: 400;\">Titolare del trattamento \u00e8 CA.PRI S.R.L., C.F. 01938520036 , con sede in VIA GIUSEPPE FAVA 18 \u2013 28016 \u2013 Orta San Giulio (NO) \u2013 Italia. L\u2019elenco aggiornato dei soggetti responsabili del trattamento, con le relative aree di competenza, \u00e8:<\/span><\/li><\/ol><p><span style=\"font-weight: 400;\">Titolare del trattamento \u2013 CA.PRI S.R.L.<\/span><span style=\"font-weight: 400;\"><br \/><\/span><span style=\"font-weight: 400;\">Responsabile della protezione dati \u2013 CANNAVACCIUOLO ANTONINO<\/span><span style=\"font-weight: 400;\"><br \/><\/span><span style=\"font-weight: 400;\">B) I DATI PERSONALI OGGETTO DI TRATTAMENTO<\/span><span style=\"font-weight: 400;\"><br \/><\/span><span style=\"font-weight: 400;\">Dati personali non particolari \u2013 Il trattamento dei dati ai fini di confermare una prenotazione di servizi di alloggio, ristorazione e\/o servizi accessori (art. 109 R.D. 18.6.1931 n.773) cesser\u00e0 con la partenza dell\u2019 ospite.<\/span><span style=\"font-weight: 400;\"><br \/><\/span><span style=\"font-weight: 400;\">Dati personali non particolari (identificativi, contabili, finanziari, commerciali, promozionali etc.) \u2013 il trattamento dei dati averr\u00e0 per 10 anni.<\/span><span style=\"font-weight: 400;\"><br \/><\/span><span style=\"font-weight: 400;\">C) FINALIT\u00c0, BASE GIURIDICA E NATURA OBBLIGATORIA O FACOLTATIVA DEL TRATTAMENTO<\/span><span style=\"font-weight: 400;\"><br \/><\/span><span style=\"font-weight: 400;\">La fonte dei dati di cui al punto b \u00e8: Dati forniti dall\u2019interessato<\/span><\/p><p><span style=\"font-weight: 400;\">Finalit\u00e0 Principale: il dato clienti\/ospiti viene trattato per le seguenti finalit\u00e0: servizio ristorante \u2013 prenotazione camere \u2013 servizi amministrativi\/contabili<\/span><\/p><p><span style=\"font-weight: 400;\">Base Giuridica: il trattamento \u00e8 necessario all\u2019esecuzione di un contratto di cui l\u2019interessato \u00e8 parte o all\u2019esecuzione di misure precontrattuali adottate su richiesta dello stesso<\/span><\/p><p><span style=\"font-weight: 400;\">L\u2019interessato ha l\u2019obbligo di fornire i dati personali<\/span><\/p><p><span style=\"font-weight: 400;\">Eventuali conseguenze della mancata fornitura dei dati personali: Impedire il perfezionarsi del contratto o la fornitura del servizio richiesto dall\u2019interessato<\/span><\/p><p><span style=\"font-weight: 400;\">Finalit\u00e0 secondaria: il dato clienti\/ospiti verr\u00e0 trattato per finalit\u00e0 commerciali e promozionali solo a seguito di vostro consenso<\/span><\/p><p><span style=\"font-weight: 400;\">Base Giuridica: il trattamento avviene in seguito al consenso scritto dell\u2019interessato, per lo stesso l\u2019interessato ha facolt\u00e0 o meno di prestare il consenso<\/span><\/p><ol><li><span style=\"font-weight: 400;\">D) DESTINATARI<\/span><span style=\"font-weight: 400;\"><br \/><\/span><span style=\"font-weight: 400;\">Esclusivamente per le finalit\u00e0 sopra indicate, i dati saranno resi conoscibili, oltre che alle unit\u00e0 di personale interno al riguardo competenti, anche a collaboratori esterni incaricati del loro trattamento il cui elenco \u00e8 disponibile presso la sede del titolare<\/span><\/li><li><span style=\"font-weight: 400;\">E) TRASFERIMENTI<\/span><span style=\"font-weight: 400;\"><br \/><\/span><span style=\"font-weight: 400;\">Non sono presenti trasferimenti di Dati Personali a Destinatari fuori dall\u2019Unione Europea<\/span><\/li><li><span style=\"font-weight: 400;\">F) CONSERVAZIONE DEI DATI<\/span><span style=\"font-weight: 400;\"><br \/><\/span><span style=\"font-weight: 400;\">Tutti i dati personali conferiti saranno trattati nel rispetto dei principi di liceit\u00e0, correttezza, pertinenza e proporzionalit\u00e0, solo con le modalit\u00e0, anche informatiche e telematiche, strettamente necessarie per perseguire le finalit\u00e0 sopra descritte. In ogni caso, i dati personali saranno conservati per un periodo di tempo non superiore a quello strettamente necessario al conseguimento delle finalit\u00e0 indicate. I dati personali dei quali non \u00e8 necessaria la conservazione o per cui la conservazione non sia prevista dalla vigente normativa, in relazione agli scopi indicati, saranno cancellati o trasformati in forma anonima. Si evidenzia che i sistemi informativi impiegati per la gestione delle informazioni raccolte sono configurati, gi\u00e0 in origine, in modo da minimizzare l\u2019utilizzo dei dati.<\/span><\/li><li><span style=\"font-weight: 400;\">G) I SUOI DIRITTI<\/span><span style=\"font-weight: 400;\"><br \/><\/span><span style=\"font-weight: 400;\">Si rammenta che l\u2019interessato ha diritto di accedere in ogni momento ai dati che Lo riguardano, rivolgendo la Sua richiesta al nostro responsabile del trattamento designato per il riscontro, inviando una raccomandata A\/R ai recapiti di seguito indicati:<\/span><\/li><\/ol><p><span style=\"font-weight: 400;\">Responsabile della protezione dati \u2013 CANNAVACCIUOLO ANTONINO \u2013 VIA GIUSEPPE FAVA 18 \u2013 28016 \u2013 Orta San Giulio (NO) \u2013 Italia.<\/span><span style=\"font-weight: 400;\"><br \/><\/span><span style=\"font-weight: 400;\">La suddetta raccomandata potr\u00e0 essere anticipata via mail a privacy@villacrespi.it<\/span><\/p><p><span style=\"font-weight: 400;\">Allo stesso modo pu\u00f2 esercitare, riguardo al trattamento in oggetto, i seguenti diritti: Informazione, Accesso ai dati, Rettifica dei dati, Cancellazione dei dati, Limitazione del trattamento, Portabilit\u00e0 dei dati, Proporre reclamo ad autorit\u00e0 di controllo, Revoca del consenso (L\u2019eventuale revoca del consenso non pregiudica la liceit\u00e0 del trattamento basato sul consenso prestato prima della revoca)<\/span><\/p>\t\t\t\t\t\t\t\t<\/div>\n\t\t\t\t<\/div>\n\t\t\t\t\t<\/div>\n\t\t<\/div>\n\t\t\t\t\t<\/div>\n\t\t<\/section>\n\t\t\t\t<\/div>\n\t\t","protected":false},"excerpt":{"rendered":"<p>CA.PRI S.R.L., in qualit\u00e0 di titolare del trattamento dei dati personali ai sensi degli artt.13 e 14 del Regolamento UE 679\/2016 \u2013 Regolamento Generale sulla Protezione dei Dati (\u201cRGPD\u201d), in ottemperanza agli obblighi dettati dal legislatore a tutela della privacy, con la presente desidera informarLa in via preventiva, tanto dell\u2019uso dei suoi dati personali, quanto [&hellip;]<\/p>\n","protected":false},"author":2,"featured_media":0,"parent":0,"menu_order":0,"comment_status":"closed","ping_status":"closed","template":"elementor_theme","meta":{"_acf_changed":false,"footnotes":""},"class_list":["post-8851","page","type-page","status-publish","hentry"],"acf":[],"_links":{"self":[{"href":"https:\/\/laquavineyard.it\/en\/wp-json\/wp\/v2\/pages\/8851","targetHints":{"allow":["GET"]}}],"collection":[{"href":"https:\/\/laquavineyard.it\/en\/wp-json\/wp\/v2\/pages"}],"about":[{"href":"https:\/\/laquavineyard.it\/en\/wp-json\/wp\/v2\/types\/page"}],"author":[{"embeddable":true,"href":"https:\/\/laquavineyard.it\/en\/wp-json\/wp\/v2\/users\/2"}],"replies":[{"embeddable":true,"href":"https:\/\/laquavineyard.it\/en\/wp-json\/wp\/v2\/comments?post=8851"}],"version-history":[{"count":7,"href":"https:\/\/laquavineyard.it\/en\/wp-json\/wp\/v2\/pages\/8851\/revisions"}],"predecessor-version":[{"id":13990,"href":"https:\/\/laquavineyard.it\/en\/wp-json\/wp\/v2\/pages\/8851\/revisions\/13990"}],"wp:attachment":[{"href":"https:\/\/laquavineyard.it\/en\/wp-json\/wp\/v2\/media?parent=8851"}],"curies":[{"name":"wp","href":"https:\/\/api.w.org\/{rel}","templated":true}]}}